{"id":155,"date":"2025-12-05T12:14:20","date_gmt":"2025-12-05T12:14:20","guid":{"rendered":"https:\/\/jana.bokado.de\/?page_id=155"},"modified":"2025-12-06T09:17:20","modified_gmt":"2025-12-06T09:17:20","slug":"sprachen","status":"publish","type":"page","link":"https:\/\/jana.bokado.de\/?page_id=155","title":{"rendered":"Weitere Sprachen"},"content":{"rendered":"\n<p>Neben meiner langj\u00e4hrigen Expertise in der russischen Sprache biete ich Ihnen qualifizierte \u00dcbersetzungen und Dolmetschleistungen in Franz\u00f6sisch. So erhalten Sie zuverl\u00e4ssige Unterst\u00fctzung f\u00fcr internationale Kommunikation \u2013 pr\u00e4zise, verst\u00e4ndlich und termingerecht.<\/p>\n\n\n\n<p>Sollten Sie weitere Sprachkombinationen ben\u00f6tigen, profitieren Sie von meinem starken Netzwerk erfahrener Fachkollegen. Gerne unterst\u00fctze ich Sie bei der Auswahl eines passenden Dolmetschers oder \u00dcbersetzers, damit Ihr Projekt optimal betreut wird.<\/p>\n\n\n\n<p>Ihr Vorteil:<\/p>\n\n\n\n<ul class=\"wp-block-list\">\n<li>Mehrsprachige Kompetenz aus einer Hand<\/li>\n\n\n\n<li>Pers\u00f6nliche Beratung und individuelle L\u00f6sungen<\/li>\n\n\n\n<li>Zugang zu einem professionellen Netzwerk f\u00fcr zus\u00e4tzliche Sprachen<\/li>\n<\/ul>\n\n\n\n<p>Vertrauen Sie auf meine Erfahrung und mein Engagement, um Sprachbarrieren sicher und effizient zu \u00fcberwinden.<\/p>\n","protected":false},"excerpt":{"rendered":"<p>Neben meiner langj\u00e4hrigen Expertise in der russischen Sprache biete ich Ihnen qualifizierte \u00dcbersetzungen und Dolmetschleistungen in Franz\u00f6sisch. So erhalten Sie zuverl\u00e4ssige Unterst\u00fctzung f\u00fcr internationale Kommunikation \u2013 pr\u00e4zise, verst\u00e4ndlich und termingerecht. Sollten Sie weitere Sprachkombinationen ben\u00f6tigen, profitieren Sie von meinem starken Netzwerk erfahrener Fachkollegen. Gerne unterst\u00fctze ich Sie bei der Auswahl eines passenden Dolmetschers oder \u00dcbersetzers, [&hellip;]<\/p>\n","protected":false},"author":1,"featured_media":0,"parent":0,"menu_order":0,"comment_status":"closed","ping_status":"closed","template":"","meta":{"footnotes":""},"class_list":["post-155","page","type-page","status-publish","hentry","post"],"_links":{"self":[{"href":"https:\/\/jana.bokado.de\/index.php?rest_route=\/wp\/v2\/pages\/155","targetHints":{"allow":["GET"]}}],"collection":[{"href":"https:\/\/jana.bokado.de\/index.php?rest_route=\/wp\/v2\/pages"}],"about":[{"href":"https:\/\/jana.bokado.de\/index.php?rest_route=\/wp\/v2\/types\/page"}],"author":[{"embeddable":true,"href":"https:\/\/jana.bokado.de\/index.php?rest_route=\/wp\/v2\/users\/1"}],"replies":[{"embeddable":true,"href":"https:\/\/jana.bokado.de\/index.php?rest_route=%2Fwp%2Fv2%2Fcomments&post=155"}],"version-history":[{"count":5,"href":"https:\/\/jana.bokado.de\/index.php?rest_route=\/wp\/v2\/pages\/155\/revisions"}],"predecessor-version":[{"id":172,"href":"https:\/\/jana.bokado.de\/index.php?rest_route=\/wp\/v2\/pages\/155\/revisions\/172"}],"wp:attachment":[{"href":"https:\/\/jana.bokado.de\/index.php?rest_route=%2Fwp%2Fv2%2Fmedia&parent=155"}],"curies":[{"name":"wp","href":"https:\/\/api.w.org\/{rel}","templated":true}]}}