{"id":38,"date":"2025-09-02T21:23:21","date_gmt":"2025-09-02T21:23:21","guid":{"rendered":"https:\/\/jana.bokado.de\/?page_id=38"},"modified":"2025-10-11T14:35:59","modified_gmt":"2025-10-11T14:35:59","slug":"homepage","status":"publish","type":"page","link":"https:\/\/jana.bokado.de\/","title":{"rendered":"Homepage"},"content":{"rendered":"<div id=\"pl-38\"  class=\"panel-layout\" ><div id=\"pg-38-0\"  class=\"panel-grid panel-no-style\" ><div id=\"pgc-38-0-0\"  class=\"panel-grid-cell\" ><div id=\"panel-38-0-0-0\" class=\"so-panel widget widget_circleicon-widget panel-first-child panel-last-child\" data-index=\"0\" >\t\t<div class=\"circle-icon-box circle-icon-position-top circle-icon-hide-box circle-icon-size-small \">\n\t\t\t\t\t\t\t<div class=\"circle-icon-wrapper\">\n\t\t\t\t\t\t\t\t\t\t<div class=\"circle-icon\" >\n\t\t\t\t\t\t\t\t\t\t\t\t\t<div\n\t\t\t\t\t\t\t\tclass=\"fa fa-pencil-square-o\"\n\t\t\t\t\t\t\t\t\t\t\t\t\t\t\t><\/div>\n\t\t\t\t\t\t\t\t\t\t\t<\/div>\n\t\t\t\t\t\t\t\t\t<\/div>\n\t\t\t\n\t\t\t\t\t\t\t\t\t\t<h4 >\n\t\t\t\t\tDolmetschen\t\t\t\t<\/h4>\n\t\t\t\t\t\t\n\t\t\t\t\t\t\t<p class=\"text\" >\n\t\t\t\tIch stehe Ihnen als verl\u00e4ssliche Begleiterin in allen Situationen zur Seite, in denen sprachliche Klarheit entscheidend ist\t\t\t<\/p>\n\t\t\t\t\t\t\t\t\t\t<a\n\t\t\t\t\thref=\"#Dolmetschen\"\n\t\t\t\t\tclass=\"more-button\"\n\t\t\t\t\t\t\t\t\t>\n\t\t\t\t\tWeitere Informationen\t\t\t\t\t<i><\/i>\n\t\t\t\t<\/a>\n\t\t\t\t\t<\/div>\n\t\t<\/div><\/div><div id=\"pgc-38-0-1\"  class=\"panel-grid-cell\" ><div id=\"panel-38-0-1-0\" class=\"so-panel widget widget_circleicon-widget panel-first-child panel-last-child\" data-index=\"1\" >\t\t<div class=\"circle-icon-box circle-icon-position-top circle-icon-hide-box circle-icon-size-small \">\n\t\t\t\t\t\t\t<div class=\"circle-icon-wrapper\">\n\t\t\t\t\t\t\t\t\t\t<div class=\"circle-icon\" >\n\t\t\t\t\t\t\t\t\t\t\t\t\t<div\n\t\t\t\t\t\t\t\tclass=\"fa fa-check-circle-o\"\n\t\t\t\t\t\t\t\t\t\t\t\t\t\t\t><\/div>\n\t\t\t\t\t\t\t\t\t\t\t<\/div>\n\t\t\t\t\t\t\t\t\t<\/div>\n\t\t\t\n\t\t\t\t\t\t\t\t\t\t<h4 >\n\t\t\t\t\t\u00dcbersetzen\t\t\t\t<\/h4>\n\t\t\t\t\t\t\n\t\t\t\t\t\t\t<p class=\"text\" >\n\t\t\t\tSchriftliche Texte erfordern Genauigkeit, kulturelles Fingerspitzengef\u00fchl und stilistische Sicherheit.\t\t\t<\/p>\n\t\t\t\t\t\t\t\t\t\t<a\n\t\t\t\t\thref=\"#\"\n\t\t\t\t\tclass=\"more-button\"\n\t\t\t\t\t\t\t\t\t>\n\t\t\t\t\tHier informieren\t\t\t\t\t<i><\/i>\n\t\t\t\t<\/a>\n\t\t\t\t\t<\/div>\n\t\t<\/div><\/div><div id=\"pgc-38-0-2\"  class=\"panel-grid-cell\" ><div id=\"panel-38-0-2-0\" class=\"so-panel widget widget_circleicon-widget panel-first-child panel-last-child\" data-index=\"2\" >\t\t<div class=\"circle-icon-box circle-icon-position-top circle-icon-hide-box circle-icon-size-small \">\n\t\t\t\t\t\t\t<div class=\"circle-icon-wrapper\">\n\t\t\t\t\t\t\t\t\t\t<div class=\"circle-icon\" >\n\t\t\t\t\t\t\t\t\t\t\t\t\t<div\n\t\t\t\t\t\t\t\tclass=\"fa fa-clock-o\"\n\t\t\t\t\t\t\t\t\t\t\t\t\t\t\t><\/div>\n\t\t\t\t\t\t\t\t\t\t\t<\/div>\n\t\t\t\t\t\t\t\t\t<\/div>\n\t\t\t\n\t\t\t\t\t\t\t\t\t\t<h4 >\n\t\t\t\t\tBeglaubigt und rechtssicher\t\t\t\t<\/h4>\n\t\t\t\t\t\t\n\t\t\t\t\t\t\t<p class=\"text\" >\n\t\t\t\teglaubigte \u00dcbersetzungen Ihrer Urkunden - schnell, zuverl\u00e4ssig und rechtsg\u00fcltig.\t\t\t<\/p>\n\t\t\t\t\t\t\t\t\t\t<a\n\t\t\t\t\thref=\"#\"\n\t\t\t\t\tclass=\"more-button\"\n\t\t\t\t\t\t\t\t\t>\n\t\t\t\t\tWeitere Informationen\t\t\t\t\t<i><\/i>\n\t\t\t\t<\/a>\n\t\t\t\t\t<\/div>\n\t\t<\/div><\/div><\/div><div id=\"pg-38-1\"  class=\"panel-grid panel-has-style\" ><div class=\"wide-grey panel-row-style panel-row-style-for-38-1\" ><div id=\"pgc-38-1-0\"  class=\"panel-grid-cell\" ><div id=\"panel-38-1-0-0\" class=\"so-panel widget panel-first-child\" data-index=\"3\" ><\/div><div id=\"panel-38-1-0-1\" class=\"so-panel widget widget_text panel-last-child\" data-index=\"4\" >\t\t\t<div class=\"textwidget\"><h3 data-start=\"205\" data-end=\"258\"><strong data-start=\"209\" data-end=\"256\"><img loading=\"lazy\" decoding=\"async\" class=\" wp-image-118 alignright\" src=\"https:\/\/jana.bokado.de\/wp-content\/uploads\/2025\/10\/shaking-hands-3205463_1280-300x200.jpg\" alt=\"\" width=\"510\" height=\"340\" srcset=\"https:\/\/jana.bokado.de\/wp-content\/uploads\/2025\/10\/shaking-hands-3205463_1280-300x200.jpg 300w, https:\/\/jana.bokado.de\/wp-content\/uploads\/2025\/10\/shaking-hands-3205463_1280-1024x682.jpg 1024w, https:\/\/jana.bokado.de\/wp-content\/uploads\/2025\/10\/shaking-hands-3205463_1280-768x512.jpg 768w, https:\/\/jana.bokado.de\/wp-content\/uploads\/2025\/10\/shaking-hands-3205463_1280-272x182.jpg 272w, https:\/\/jana.bokado.de\/wp-content\/uploads\/2025\/10\/shaking-hands-3205463_1280.jpg 1280w\" sizes=\"auto, (max-width: 510px) 100vw, 510px\" \/>Worte, die verbinden \u2013 nicht nur \u00fcbersetzen<\/strong><\/h3>\n<p data-start=\"259\" data-end=\"497\">In einer globalisierten Welt ist Verst\u00e4ndigung der Schl\u00fcssel zum Erfolg. Doch echte Kommunikation geht \u00fcber blo\u00dfe Wort-f\u00fcr-Wort-\u00dcbersetzung hinaus \u2013 sie erfordert Gef\u00fchl, Verst\u00e4ndnis f\u00fcr Kultur und Kontext sowie ein feines Sprachgef\u00fchl.<\/p>\n<p data-start=\"499\" data-end=\"720\">Als <strong data-start=\"503\" data-end=\"552\">professionelle Dolmetscherin und \u00dcbersetzerin<\/strong> biete ich Ihnen pr\u00e4zise, stilvolle und kontextgerechte \u00dcbersetzungen, die Ihre Botschaft so transportieren, wie Sie gemeint ist \u2013 nicht nur, wie sie w\u00f6rtlich lautet.<\/p>\n<p data-start=\"722\" data-end=\"1036\">Im Gegensatz zu \u00dcbersetzungs-Apps, die Sprache nur \u201e\u00fcbertragen\u201c, <strong data-start=\"787\" data-end=\"845\">erkenne ich Nuancen, Tonfall und kulturelle Feinheiten<\/strong>, die f\u00fcr authentische Kommunikation entscheidend sind. Ich \u00fcbersetze nicht nur W\u00f6rter, sondern <strong data-start=\"941\" data-end=\"979\">Emotionen, Intentionen und Wirkung<\/strong> \u2013 damit Ihre Texte auch in der Zielsprache \u00fcberzeugen.<\/p>\n<p data-start=\"1038\" data-end=\"1240\">Ob Gesch\u00e4ftsverhandlungen, Pr\u00e4sentationen, Fachtexte oder pers\u00f6nliche Dokumente \u2013 mit meiner Erfahrung, sprachlichen Pr\u00e4zision und interkulturellen Kompetenz sorge ich daf\u00fcr, dass Ihre Worte ankommen.<\/p>\n<p data-start=\"1242\" data-end=\"1356\"><strong data-start=\"1244\" data-end=\"1298\">Vertrauen Sie auf Qualit\u00e4t, nicht auf Algorithmen.<\/strong><br data-start=\"1298\" data-end=\"1301\" \/>Denn Sprache ist mehr als Daten \u2013 sie ist Verbindung.<\/p>\n<\/div>\n\t\t<\/div><\/div><\/div><\/div><div id=\"pg-38-2\"  class=\"panel-grid panel-no-style\" ><div id=\"pgc-38-2-0\"  class=\"panel-grid-cell panel-grid-cell-empty panel-grid-cell-mobile-last\" ><\/div><div id=\"pgc-38-2-1\"  class=\"panel-grid-cell panel-grid-cell-empty\" ><\/div><\/div><\/div>","protected":false},"excerpt":{"rendered":"<p>Worte, die verbinden \u2013 nicht nur \u00fcbersetzen In einer globalisierten Welt ist Verst\u00e4ndigung der Schl\u00fcssel zum Erfolg. Doch echte Kommunikation geht \u00fcber blo\u00dfe Wort-f\u00fcr-Wort-\u00dcbersetzung hinaus \u2013 sie erfordert Gef\u00fchl, Verst\u00e4ndnis f\u00fcr Kultur und Kontext sowie ein feines Sprachgef\u00fchl. Als professionelle Dolmetscherin und \u00dcbersetzerin biete ich Ihnen pr\u00e4zise, stilvolle und kontextgerechte \u00dcbersetzungen, die Ihre Botschaft so [&hellip;]<\/p>\n","protected":false},"author":1,"featured_media":0,"parent":0,"menu_order":0,"comment_status":"closed","ping_status":"closed","template":"home-panels.php","meta":{"footnotes":""},"class_list":["post-38","page","type-page","status-publish","hentry","post"],"_links":{"self":[{"href":"https:\/\/jana.bokado.de\/index.php?rest_route=\/wp\/v2\/pages\/38","targetHints":{"allow":["GET"]}}],"collection":[{"href":"https:\/\/jana.bokado.de\/index.php?rest_route=\/wp\/v2\/pages"}],"about":[{"href":"https:\/\/jana.bokado.de\/index.php?rest_route=\/wp\/v2\/types\/page"}],"author":[{"embeddable":true,"href":"https:\/\/jana.bokado.de\/index.php?rest_route=\/wp\/v2\/users\/1"}],"replies":[{"embeddable":true,"href":"https:\/\/jana.bokado.de\/index.php?rest_route=%2Fwp%2Fv2%2Fcomments&post=38"}],"version-history":[{"count":5,"href":"https:\/\/jana.bokado.de\/index.php?rest_route=\/wp\/v2\/pages\/38\/revisions"}],"predecessor-version":[{"id":128,"href":"https:\/\/jana.bokado.de\/index.php?rest_route=\/wp\/v2\/pages\/38\/revisions\/128"}],"wp:attachment":[{"href":"https:\/\/jana.bokado.de\/index.php?rest_route=%2Fwp%2Fv2%2Fmedia&parent=38"}],"curies":[{"name":"wp","href":"https:\/\/api.w.org\/{rel}","templated":true}]}}