{"id":41,"date":"2025-09-02T21:31:57","date_gmt":"2025-09-02T21:31:57","guid":{"rendered":"https:\/\/jana.bokado.de\/?page_id=41"},"modified":"2025-10-11T13:40:58","modified_gmt":"2025-10-11T13:40:58","slug":"uebersetzen","status":"publish","type":"page","link":"https:\/\/jana.bokado.de\/?page_id=41","title":{"rendered":"\u00dcbersetzen"},"content":{"rendered":"\n<p>Schriftliche Texte erfordern Genauigkeit, kulturelles Fingerspitzengef\u00fchl und stilistische Sicherheit. Ich \u00fcbersetze f\u00fcr Sie:<\/p>\n\n\n\n<div class=\"wp-block-columns is-layout-flex wp-container-core-columns-is-layout-9d6595d7 wp-block-columns-is-layout-flex\">\n<div class=\"wp-block-column is-layout-flow wp-block-column-is-layout-flow\" style=\"flex-basis:100%\">\n<div class=\"wp-block-columns is-layout-flex wp-container-core-columns-is-layout-9d6595d7 wp-block-columns-is-layout-flex\">\n<div class=\"wp-block-column is-layout-flow wp-block-column-is-layout-flow\">\n<ul class=\"wp-block-list\">\n<li><strong data-start=\"1103\" data-end=\"1138\">Urkunden und amtliche Dokumente<\/strong><\/li>\n\n\n\n<li><strong data-start=\"1143\" data-end=\"1176\">Artikel aus Fachzeitschriften<\/strong><\/li>\n\n\n\n<li><strong data-start=\"1181\" data-end=\"1202\">\u00c4rztliche Atteste<\/strong><\/li>\n\n\n\n<li><strong data-start=\"1207\" data-end=\"1247\">Handb\u00fccher und technische Unterlagen<\/strong><\/li>\n\n\n\n<li><strong data-start=\"1252\" data-end=\"1292\">Werbetexte und Produktbeschreibungen<\/strong><\/li>\n\n\n\n<li><strong data-start=\"1297\" data-end=\"1341\">Gesch\u00e4ftskorrespondenz und Publikationen<\/strong><\/li>\n\n\n\n<li><strong data-start=\"1346\" data-end=\"1377\">Websites und Online-Inhalte<\/strong><\/li>\n<\/ul>\n<\/div>\n\n\n\n<div class=\"wp-block-column is-layout-flow wp-block-column-is-layout-flow\">\n<figure class=\"wp-block-image size-large\"><img loading=\"lazy\" decoding=\"async\" width=\"1024\" height=\"661\" src=\"https:\/\/jana.bokado.de\/wp-content\/uploads\/2025\/10\/different-language-7389469_1920-1024x661.jpg\" alt=\"\" class=\"wp-image-63\" srcset=\"https:\/\/jana.bokado.de\/wp-content\/uploads\/2025\/10\/different-language-7389469_1920-1024x661.jpg 1024w, https:\/\/jana.bokado.de\/wp-content\/uploads\/2025\/10\/different-language-7389469_1920-300x194.jpg 300w, https:\/\/jana.bokado.de\/wp-content\/uploads\/2025\/10\/different-language-7389469_1920-768x496.jpg 768w, https:\/\/jana.bokado.de\/wp-content\/uploads\/2025\/10\/different-language-7389469_1920-1536x992.jpg 1536w, https:\/\/jana.bokado.de\/wp-content\/uploads\/2025\/10\/different-language-7389469_1920.jpg 1920w\" sizes=\"auto, (max-width: 1024px) 100vw, 1024px\" \/><\/figure>\n<\/div>\n<\/div>\n<\/div>\n\n\n\n<div class=\"wp-block-column is-layout-flow wp-block-column-is-layout-flow\"><\/div>\n<\/div>\n\n\n\n<p>Mit Fachkenntnis, Verl\u00e4sslichkeit und einem hohen Qualit\u00e4tsanspruch sorge ich daf\u00fcr, dass Ihre Botschaften exakt und wirkungsvoll beim Gegen\u00fcber ankommen.<\/p>\n","protected":false},"excerpt":{"rendered":"<p>Schriftliche Texte erfordern Genauigkeit, kulturelles Fingerspitzengef\u00fchl und stilistische Sicherheit. Ich \u00fcbersetze f\u00fcr Sie: Mit Fachkenntnis, Verl\u00e4sslichkeit und einem hohen Qualit\u00e4tsanspruch sorge ich daf\u00fcr, dass Ihre Botschaften exakt und wirkungsvoll beim Gegen\u00fcber ankommen.<\/p>\n","protected":false},"author":1,"featured_media":0,"parent":0,"menu_order":0,"comment_status":"closed","ping_status":"closed","template":"","meta":{"footnotes":""},"class_list":["post-41","page","type-page","status-publish","hentry","post"],"_links":{"self":[{"href":"https:\/\/jana.bokado.de\/index.php?rest_route=\/wp\/v2\/pages\/41","targetHints":{"allow":["GET"]}}],"collection":[{"href":"https:\/\/jana.bokado.de\/index.php?rest_route=\/wp\/v2\/pages"}],"about":[{"href":"https:\/\/jana.bokado.de\/index.php?rest_route=\/wp\/v2\/types\/page"}],"author":[{"embeddable":true,"href":"https:\/\/jana.bokado.de\/index.php?rest_route=\/wp\/v2\/users\/1"}],"replies":[{"embeddable":true,"href":"https:\/\/jana.bokado.de\/index.php?rest_route=%2Fwp%2Fv2%2Fcomments&post=41"}],"version-history":[{"count":3,"href":"https:\/\/jana.bokado.de\/index.php?rest_route=\/wp\/v2\/pages\/41\/revisions"}],"predecessor-version":[{"id":104,"href":"https:\/\/jana.bokado.de\/index.php?rest_route=\/wp\/v2\/pages\/41\/revisions\/104"}],"wp:attachment":[{"href":"https:\/\/jana.bokado.de\/index.php?rest_route=%2Fwp%2Fv2%2Fmedia&parent=41"}],"curies":[{"name":"wp","href":"https:\/\/api.w.org\/{rel}","templated":true}]}}